{"id":3514,"date":"2022-12-08T15:44:21","date_gmt":"2022-12-08T14:44:21","guid":{"rendered":"https:\/\/interlac-france.com\/interlac-france-ihr-idealer-partner-fuer-alle-ihre-formgebungsprojekte\/rechtliche-hinweise\/"},"modified":"2023-01-27T10:39:16","modified_gmt":"2023-01-27T09:39:16","slug":"rechtliche-hinweise","status":"publish","type":"page","link":"https:\/\/interlac-france.com\/de\/interlac-france-ihr-idealer-partner-fuer-alle-ihre-formgebungsprojekte\/rechtliche-hinweise\/","title":{"rendered":"Rechtliche Hinweise"},"content":{"rendered":"\t\t<div data-elementor-type=\"wp-page\" data-elementor-id=\"3514\" class=\"elementor elementor-3514 elementor-2576\" data-elementor-post-type=\"page\">\n\t\t\t\t\t\t<section class=\"elementor-section elementor-top-section elementor-element elementor-element-da82427 elementor-section-full_width elementor-section-height-min-height page_image elementor-section-height-default elementor-section-items-middle\" data-id=\"da82427\" data-element_type=\"section\" data-e-type=\"section\" data-settings=\"{&quot;background_background&quot;:&quot;classic&quot;,&quot;background_motion_fx_motion_fx_scrolling&quot;:&quot;yes&quot;,&quot;background_motion_fx_devices&quot;:[&quot;widescreen&quot;,&quot;desktop&quot;,&quot;laptop&quot;,&quot;tablet&quot;,&quot;mobile&quot;]}\">\n\t\t\t\t\t\t\t<div class=\"elementor-background-overlay\"><\/div>\n\t\t\t\t\t\t\t<div class=\"elementor-container elementor-column-gap-default\">\n\t\t\t\t\t<div class=\"elementor-column elementor-col-100 elementor-top-column elementor-element elementor-element-1192f79\" data-id=\"1192f79\" data-element_type=\"column\" data-e-type=\"column\">\n\t\t\t<div class=\"elementor-widget-wrap elementor-element-populated\">\n\t\t\t\t\t\t\t<\/div>\n\t\t<\/div>\n\t\t\t\t\t<\/div>\n\t\t<\/section>\n\t\t\t\t<section class=\"elementor-section elementor-top-section elementor-element elementor-element-a04364b dome_haut elementor-section-boxed elementor-section-height-default elementor-section-height-default\" data-id=\"a04364b\" data-element_type=\"section\" data-e-type=\"section\">\n\t\t\t\t\t\t<div class=\"elementor-container elementor-column-gap-default\">\n\t\t\t\t\t<div class=\"elementor-column elementor-col-100 elementor-top-column elementor-element elementor-element-e588e51\" data-id=\"e588e51\" data-element_type=\"column\" data-e-type=\"column\">\n\t\t\t<div class=\"elementor-widget-wrap elementor-element-populated\">\n\t\t\t\t\t\t<div class=\"elementor-element elementor-element-f69b47d elementor-widget elementor-widget-heading\" data-id=\"f69b47d\" data-element_type=\"widget\" data-e-type=\"widget\" data-widget_type=\"heading.default\">\n\t\t\t\t<div class=\"elementor-widget-container\">\n\t\t\t\t\t<h2 class=\"elementor-heading-title elementor-size-default\">HERAUSGEBER DER WEBSITE<\/h2>\t\t\t\t<\/div>\n\t\t\t\t<\/div>\n\t\t\t\t<div class=\"elementor-element elementor-element-bff350c elementor-widget elementor-widget-text-editor\" data-id=\"bff350c\" data-element_type=\"widget\" data-e-type=\"widget\" data-widget_type=\"text-editor.default\">\n\t\t\t\t<div class=\"elementor-widget-container\">\n\t\t\t\t\t\t\t\t\t<p>Interlac France<br \/>8 Rue de la Kaltau<br \/>67150 Hindisheim<br \/>SIRET : 59820377600037<\/p>\n\t\t\t\t\t\t\t\t<\/div>\n\t\t\t\t<\/div>\n\t\t\t\t<div class=\"elementor-element elementor-element-ada2832 elementor-widget elementor-widget-heading\" data-id=\"ada2832\" data-element_type=\"widget\" data-e-type=\"widget\" data-widget_type=\"heading.default\">\n\t\t\t\t<div class=\"elementor-widget-container\">\n\t\t\t\t\t<h2 class=\"elementor-heading-title elementor-size-default\">LEITER DER VER\u00d6FFENTLICHUNG<\/h2>\t\t\t\t<\/div>\n\t\t\t\t<\/div>\n\t\t\t\t<div class=\"elementor-element elementor-element-ed711b6 elementor-widget elementor-widget-text-editor\" data-id=\"ed711b6\" data-element_type=\"widget\" data-e-type=\"widget\" data-widget_type=\"text-editor.default\">\n\t\t\t\t<div class=\"elementor-widget-container\">\n\t\t\t\t\t\t\t\t\t<p>Sophie LEHMANN<br \/>Leiterin Marketing und Kommunikation<br \/>+33(0) 3 88 59 00 23<br \/>sophie.lehmann@interlac-groupe.com<\/p>\n\t\t\t\t\t\t\t\t<\/div>\n\t\t\t\t<\/div>\n\t\t\t\t<div class=\"elementor-element elementor-element-1340ac7 elementor-widget elementor-widget-heading\" data-id=\"1340ac7\" data-element_type=\"widget\" data-e-type=\"widget\" data-widget_type=\"heading.default\">\n\t\t\t\t<div class=\"elementor-widget-container\">\n\t\t\t\t\t<h2 class=\"elementor-heading-title elementor-size-default\">H\u00c9BERGEUR<\/h2>\t\t\t\t<\/div>\n\t\t\t\t<\/div>\n\t\t\t\t<div class=\"elementor-element elementor-element-f1f5661 elementor-widget elementor-widget-text-editor\" data-id=\"f1f5661\" data-element_type=\"widget\" data-e-type=\"widget\" data-widget_type=\"text-editor.default\">\n\t\t\t\t<div class=\"elementor-widget-container\">\n\t\t\t\t\t\t\t\t\t<p>IONOS<br \/>7, place de la gare<br \/>BP 70109 <br \/>57201 Sarreguines Cedex<br \/><a href=\"https:\/\/www.ionos.fr\/\">https:\/\/www.ionos.fr\/<\/a><\/p>\n\t\t\t\t\t\t\t\t<\/div>\n\t\t\t\t<\/div>\n\t\t\t\t<div class=\"elementor-element elementor-element-29323c7 elementor-widget elementor-widget-heading\" data-id=\"29323c7\" data-element_type=\"widget\" data-e-type=\"widget\" data-widget_type=\"heading.default\">\n\t\t\t\t<div class=\"elementor-widget-container\">\n\t\t\t\t\t<h2 class=\"elementor-heading-title elementor-size-default\">WEBMASTER\u200b<\/h2>\t\t\t\t<\/div>\n\t\t\t\t<\/div>\n\t\t\t\t<div class=\"elementor-element elementor-element-c4ed99c elementor-widget elementor-widget-text-editor\" data-id=\"c4ed99c\" data-element_type=\"widget\" data-e-type=\"widget\" data-widget_type=\"text-editor.default\">\n\t\t\t\t<div class=\"elementor-widget-container\">\n\t\t\t\t\t\t\t\t\t<p>Krysalidesign<br \/>67720 HOERDT<br \/>SIRET : 900 963 471 00017<br \/><a href=\"http:\/\/krysalidesign.com\">krysalidesign.com<\/a><br \/>09 83 80 31 93<br \/><a href=\"mailto:contact@krysalidesign.com\">contact@krysalidesign.com<\/a><\/p>\n\t\t\t\t\t\t\t\t<\/div>\n\t\t\t\t<\/div>\n\t\t\t\t<div class=\"elementor-element elementor-element-71a239c elementor-widget elementor-widget-heading\" data-id=\"71a239c\" data-element_type=\"widget\" data-e-type=\"widget\" data-widget_type=\"heading.default\">\n\t\t\t\t<div class=\"elementor-widget-container\">\n\t\t\t\t\t<h2 class=\"elementor-heading-title elementor-size-default\">RECHTE UND GEISTIGES EIGENTUM<\/h2>\t\t\t\t<\/div>\n\t\t\t\t<\/div>\n\t\t\t\t<div class=\"elementor-element elementor-element-a1ebb2d elementor-widget elementor-widget-text-editor\" data-id=\"a1ebb2d\" data-element_type=\"widget\" data-e-type=\"widget\" data-widget_type=\"text-editor.default\">\n\t\t\t\t<div class=\"elementor-widget-container\">\n\t\t\t\t\t\t\t\t\t<p>Die gesamte Website unterliegt der franz\u00f6sischen und internationalen Gesetzgebung zum Urheberrecht und zum geistigen Eigentum. Alle Vervielf\u00e4ltigungsrechte sind vorbehalten, auch f\u00fcr ikonografische und fotografische Dokumente. <\/p>\n\t\t\t\t\t\t\t\t<\/div>\n\t\t\t\t<\/div>\n\t\t\t\t<div class=\"elementor-element elementor-element-3b8c3bd elementor-widget elementor-widget-heading\" data-id=\"3b8c3bd\" data-element_type=\"widget\" data-e-type=\"widget\" data-widget_type=\"heading.default\">\n\t\t\t\t<div class=\"elementor-widget-container\">\n\t\t\t\t\t<h2 class=\"elementor-heading-title elementor-size-default\">CR\u00c9DITS\u200b<\/h2>\t\t\t\t<\/div>\n\t\t\t\t<\/div>\n\t\t\t\t<div class=\"elementor-element elementor-element-f6fe946 elementor-widget elementor-widget-text-editor\" data-id=\"f6fe946\" data-element_type=\"widget\" data-e-type=\"widget\" data-widget_type=\"text-editor.default\">\n\t\t\t\t<div class=\"elementor-widget-container\">\n\t\t\t\t\t\t\t\t\t<p>Adobe Stock Photos<br \/>Interlac<\/p>\n\t\t\t\t\t\t\t\t<\/div>\n\t\t\t\t<\/div>\n\t\t\t\t<div class=\"elementor-element elementor-element-4028342 elementor-widget elementor-widget-heading\" data-id=\"4028342\" data-element_type=\"widget\" data-e-type=\"widget\" data-widget_type=\"heading.default\">\n\t\t\t\t<div class=\"elementor-widget-container\">\n\t\t\t\t\t<h2 class=\"elementor-heading-title elementor-size-default\">PERS\u00d6NLICHE DATEN<\/h2>\t\t\t\t<\/div>\n\t\t\t\t<\/div>\n\t\t\t\t<div class=\"elementor-element elementor-element-82dca73 elementor-widget elementor-widget-text-editor\" data-id=\"82dca73\" data-element_type=\"widget\" data-e-type=\"widget\" data-widget_type=\"text-editor.default\">\n\t\t\t\t<div class=\"elementor-widget-container\">\n\t\t\t\t\t\t\t\t\t<p>Im Allgemeinen k\u00f6nnen Sie unsere Website \u00fcber das Internet besuchen, ohne dass Sie Ihre Identit\u00e4t offenlegen oder pers\u00f6nliche Informationen \u00fcber sich preisgeben m\u00fcssen. Manchmal kann es jedoch vorkommen, dass wir Sie um Informationen bitten. Zum Beispiel, um eine Anfrage f\u00fcr ein Angebot, eine Auskunft oder eine Bestellung zu bearbeiten, Korrespondenz zu f\u00fchren oder eine Bewerbung f\u00fcr eine Stelle einzureichen. Wir k\u00f6nnen diese Informationen erg\u00e4nzen, um ein Gesch\u00e4ft abzuschlie\u00dfen oder einen besseren Service anzubieten. Weitere Informationen finden Sie auf unserer Seite Datenschutzbestimmungen. <\/p>\n\t\t\t\t\t\t\t\t<\/div>\n\t\t\t\t<\/div>\n\t\t\t\t<div class=\"elementor-element elementor-element-5b827fa elementor-widget elementor-widget-heading\" data-id=\"5b827fa\" data-element_type=\"widget\" data-e-type=\"widget\" data-widget_type=\"heading.default\">\n\t\t\t\t<div class=\"elementor-widget-container\">\n\t\t\t\t\t<h2 class=\"elementor-heading-title elementor-size-default\">COOKIES<\/h2>\t\t\t\t<\/div>\n\t\t\t\t<\/div>\n\t\t\t\t<div class=\"elementor-element elementor-element-f213c2b elementor-widget elementor-widget-text-editor\" data-id=\"f213c2b\" data-element_type=\"widget\" data-e-type=\"widget\" data-widget_type=\"text-editor.default\">\n\t\t\t\t<div class=\"elementor-widget-container\">\n\t\t\t\t\t\t\t\t\t<p>Diese Website verwendet Cookies, damit sie ordnungsgem\u00e4\u00df funktioniert und um Statistiken zu sammeln. Sie haben die M\u00f6glichkeit, statistische Cookies \u00fcber das den Cookies gewidmete Banner am unteren Rand der Seite abzulehnen. Weitere Informationen finden Sie auf unserer Seite Datenschutzbestimmungen.<\/p>\n\t\t\t\t\t\t\t\t<\/div>\n\t\t\t\t<\/div>\n\t\t\t\t\t<\/div>\n\t\t<\/div>\n\t\t\t\t\t<\/div>\n\t\t<\/section>\n\t\t\t\t<\/div>\n\t\t","protected":false},"excerpt":{"rendered":"<p>HERAUSGEBER DER WEBSITE Interlac France8 Rue de la Kaltau67150 HindisheimSIRET : 59820377600037 LEITER DER VER\u00d6FFENTLICHUNG Sophie LEHMANNLeiterin Marketing und Kommunikation+33(0) 3 88 59 00 23sophie.lehmann@interlac-groupe.com H\u00c9BERGEUR IONOS7, place de la gareBP 70109 57201 Sarreguines Cedexhttps:\/\/www.ionos.fr\/ WEBMASTER\u200b Krysalidesign67720 HOERDTSIRET : 900 963 471 00017krysalidesign.com09 83 80 31 93contact@krysalidesign.com RECHTE UND GEISTIGES EIGENTUM Die gesamte Website unterliegt [&hellip;]<\/p>\n","protected":false},"author":1,"featured_media":3259,"parent":3331,"menu_order":0,"comment_status":"closed","ping_status":"closed","template":"elementor_header_footer","meta":{"footnotes":""},"class_list":["post-3514","page","type-page","status-publish","has-post-thumbnail","hentry"],"yoast_head":"<!-- This site is optimized with the Yoast SEO plugin v27.3 - https:\/\/yoast.com\/product\/yoast-seo-wordpress\/ -->\n<title>Rechtliche Hinweise von Interlac France<\/title>\n<meta name=\"description\" content=\"Rechtliche Hinweise zur Schaufenster-Website des Labors Interlac France\" \/>\n<meta name=\"robots\" content=\"index, follow, max-snippet:-1, max-image-preview:large, max-video-preview:-1\" \/>\n<link rel=\"canonical\" href=\"https:\/\/interlac-france.com\/de\/interlac-france-ihr-idealer-partner-fuer-alle-ihre-formgebungsprojekte\/rechtliche-hinweise\/\" \/>\n<meta property=\"og:locale\" content=\"de_DE\" \/>\n<meta property=\"og:type\" content=\"article\" \/>\n<meta property=\"og:title\" content=\"Interlac France besitzt 4 Marken f\u00fcr Kosmetika und andere Produkte\" \/>\n<meta property=\"og:description\" content=\"Interlac ist nicht nur auf Sonnenschutz spezialisiert, sondern besitzt auch eigene Marken: Soleil des \u00eeles, Soleil des cimes, Actiderma und Eutra.\" \/>\n<meta property=\"og:url\" content=\"https:\/\/interlac-france.com\/de\/interlac-france-ihr-idealer-partner-fuer-alle-ihre-formgebungsprojekte\/rechtliche-hinweise\/\" \/>\n<meta property=\"og:site_name\" content=\"Interlac\" \/>\n<meta property=\"article:publisher\" content=\"https:\/\/www.facebook.com\/interlac\/\" \/>\n<meta property=\"article:modified_time\" content=\"2023-01-27T09:39:16+00:00\" \/>\n<meta property=\"og:image\" content=\"https:\/\/interlac-france.com\/wp-content\/uploads\/2022\/12\/marques_mob-300x270.jpg\" \/>\n<meta name=\"twitter:card\" content=\"summary_large_image\" \/>\n<meta name=\"twitter:title\" content=\"Interlac France besitzt 4 Marken f\u00fcr Kosmetika und andere Produkte\" \/>\n<meta name=\"twitter:description\" content=\"Interlac ist nicht nur auf Sonnenschutz spezialisiert, sondern besitzt auch eigene Marken: Soleil des \u00eeles, Soleil des cimes, Actiderma und Eutra.\" \/>\n<meta name=\"twitter:image\" content=\"https:\/\/interlac-france.com\/wp-content\/uploads\/2022\/12\/marques_mob.jpg\" \/>\n<meta name=\"twitter:label1\" content=\"Gesch\u00e4tzte Lesezeit\" \/>\n\t<meta name=\"twitter:data1\" content=\"1 minute\" \/>\n<script type=\"application\/ld+json\" class=\"yoast-schema-graph\">{\"@context\":\"https:\\\/\\\/schema.org\",\"@graph\":[{\"@type\":\"WebPage\",\"@id\":\"https:\\\/\\\/interlac-france.com\\\/de\\\/interlac-france-ihr-idealer-partner-fuer-alle-ihre-formgebungsprojekte\\\/rechtliche-hinweise\\\/\",\"url\":\"https:\\\/\\\/interlac-france.com\\\/de\\\/interlac-france-ihr-idealer-partner-fuer-alle-ihre-formgebungsprojekte\\\/rechtliche-hinweise\\\/\",\"name\":\"Rechtliche Hinweise von Interlac France\",\"isPartOf\":{\"@id\":\"https:\\\/\\\/interlac-france.com\\\/de\\\/#website\"},\"primaryImageOfPage\":{\"@id\":\"https:\\\/\\\/interlac-france.com\\\/de\\\/interlac-france-ihr-idealer-partner-fuer-alle-ihre-formgebungsprojekte\\\/rechtliche-hinweise\\\/#primaryimage\"},\"image\":{\"@id\":\"https:\\\/\\\/interlac-france.com\\\/de\\\/interlac-france-ihr-idealer-partner-fuer-alle-ihre-formgebungsprojekte\\\/rechtliche-hinweise\\\/#primaryimage\"},\"thumbnailUrl\":\"https:\\\/\\\/interlac-france.com\\\/wp-content\\\/uploads\\\/2022\\\/12\\\/Actu-1.jpg\",\"datePublished\":\"2022-12-08T14:44:21+00:00\",\"dateModified\":\"2023-01-27T09:39:16+00:00\",\"description\":\"Rechtliche Hinweise zur Schaufenster-Website des Labors Interlac France\",\"breadcrumb\":{\"@id\":\"https:\\\/\\\/interlac-france.com\\\/de\\\/interlac-france-ihr-idealer-partner-fuer-alle-ihre-formgebungsprojekte\\\/rechtliche-hinweise\\\/#breadcrumb\"},\"inLanguage\":\"de-DE\",\"potentialAction\":[{\"@type\":\"ReadAction\",\"target\":[\"https:\\\/\\\/interlac-france.com\\\/de\\\/interlac-france-ihr-idealer-partner-fuer-alle-ihre-formgebungsprojekte\\\/rechtliche-hinweise\\\/\"]}]},{\"@type\":\"ImageObject\",\"inLanguage\":\"de-DE\",\"@id\":\"https:\\\/\\\/interlac-france.com\\\/de\\\/interlac-france-ihr-idealer-partner-fuer-alle-ihre-formgebungsprojekte\\\/rechtliche-hinweise\\\/#primaryimage\",\"url\":\"https:\\\/\\\/interlac-france.com\\\/wp-content\\\/uploads\\\/2022\\\/12\\\/Actu-1.jpg\",\"contentUrl\":\"https:\\\/\\\/interlac-france.com\\\/wp-content\\\/uploads\\\/2022\\\/12\\\/Actu-1.jpg\",\"width\":1920,\"height\":1920},{\"@type\":\"BreadcrumbList\",\"@id\":\"https:\\\/\\\/interlac-france.com\\\/de\\\/interlac-france-ihr-idealer-partner-fuer-alle-ihre-formgebungsprojekte\\\/rechtliche-hinweise\\\/#breadcrumb\",\"itemListElement\":[{\"@type\":\"ListItem\",\"position\":1,\"name\":\"Accueil\",\"item\":\"https:\\\/\\\/interlac-france.com\\\/de\\\/\"},{\"@type\":\"ListItem\",\"position\":2,\"name\":\"Interlac\",\"item\":\"https:\\\/\\\/interlac-france.com\\\/de\\\/\"},{\"@type\":\"ListItem\",\"position\":3,\"name\":\"Rechtliche Hinweise\"}]},{\"@type\":\"WebSite\",\"@id\":\"https:\\\/\\\/interlac-france.com\\\/de\\\/#website\",\"url\":\"https:\\\/\\\/interlac-france.com\\\/de\\\/\",\"name\":\"Interlac\",\"description\":\"Votre partenaire id\u00e9al pour tous vos projets de fa\u00e7onnage\",\"publisher\":{\"@id\":\"https:\\\/\\\/interlac-france.com\\\/de\\\/#organization\"},\"potentialAction\":[{\"@type\":\"SearchAction\",\"target\":{\"@type\":\"EntryPoint\",\"urlTemplate\":\"https:\\\/\\\/interlac-france.com\\\/de\\\/?s={search_term_string}\"},\"query-input\":{\"@type\":\"PropertyValueSpecification\",\"valueRequired\":true,\"valueName\":\"search_term_string\"}}],\"inLanguage\":\"de-DE\"},{\"@type\":\"Organization\",\"@id\":\"https:\\\/\\\/interlac-france.com\\\/de\\\/#organization\",\"name\":\"Interlac France\",\"url\":\"https:\\\/\\\/interlac-france.com\\\/de\\\/\",\"logo\":{\"@type\":\"ImageObject\",\"inLanguage\":\"de-DE\",\"@id\":\"https:\\\/\\\/interlac-france.com\\\/de\\\/#\\\/schema\\\/logo\\\/image\\\/\",\"url\":\"https:\\\/\\\/interlac-france.com\\\/wp-content\\\/uploads\\\/2022\\\/10\\\/Logo-Interlac-FR-sans-fond.png\",\"contentUrl\":\"https:\\\/\\\/interlac-france.com\\\/wp-content\\\/uploads\\\/2022\\\/10\\\/Logo-Interlac-FR-sans-fond.png\",\"width\":1920,\"height\":1920,\"caption\":\"Interlac France\"},\"image\":{\"@id\":\"https:\\\/\\\/interlac-france.com\\\/de\\\/#\\\/schema\\\/logo\\\/image\\\/\"},\"sameAs\":[\"https:\\\/\\\/www.facebook.com\\\/interlac\\\/\",\"https:\\\/\\\/fr.linkedin.com\\\/company\\\/interlac-laboratoires\"]}]}<\/script>\n<!-- \/ Yoast SEO plugin. -->","yoast_head_json":{"title":"Rechtliche Hinweise von Interlac France","description":"Rechtliche Hinweise zur Schaufenster-Website des Labors Interlac France","robots":{"index":"index","follow":"follow","max-snippet":"max-snippet:-1","max-image-preview":"max-image-preview:large","max-video-preview":"max-video-preview:-1"},"canonical":"https:\/\/interlac-france.com\/de\/interlac-france-ihr-idealer-partner-fuer-alle-ihre-formgebungsprojekte\/rechtliche-hinweise\/","og_locale":"de_DE","og_type":"article","og_title":"Interlac France besitzt 4 Marken f\u00fcr Kosmetika und andere Produkte","og_description":"Interlac ist nicht nur auf Sonnenschutz spezialisiert, sondern besitzt auch eigene Marken: Soleil des \u00eeles, Soleil des cimes, Actiderma und Eutra.","og_url":"https:\/\/interlac-france.com\/de\/interlac-france-ihr-idealer-partner-fuer-alle-ihre-formgebungsprojekte\/rechtliche-hinweise\/","og_site_name":"Interlac","article_publisher":"https:\/\/www.facebook.com\/interlac\/","article_modified_time":"2023-01-27T09:39:16+00:00","og_image":[{"url":"https:\/\/interlac-france.com\/wp-content\/uploads\/2022\/12\/marques_mob-300x270.jpg","type":"","width":"","height":""}],"twitter_card":"summary_large_image","twitter_title":"Interlac France besitzt 4 Marken f\u00fcr Kosmetika und andere Produkte","twitter_description":"Interlac ist nicht nur auf Sonnenschutz spezialisiert, sondern besitzt auch eigene Marken: Soleil des \u00eeles, Soleil des cimes, Actiderma und Eutra.","twitter_image":"https:\/\/interlac-france.com\/wp-content\/uploads\/2022\/12\/marques_mob.jpg","twitter_misc":{"Gesch\u00e4tzte Lesezeit":"1 minute"},"schema":{"@context":"https:\/\/schema.org","@graph":[{"@type":"WebPage","@id":"https:\/\/interlac-france.com\/de\/interlac-france-ihr-idealer-partner-fuer-alle-ihre-formgebungsprojekte\/rechtliche-hinweise\/","url":"https:\/\/interlac-france.com\/de\/interlac-france-ihr-idealer-partner-fuer-alle-ihre-formgebungsprojekte\/rechtliche-hinweise\/","name":"Rechtliche Hinweise von Interlac France","isPartOf":{"@id":"https:\/\/interlac-france.com\/de\/#website"},"primaryImageOfPage":{"@id":"https:\/\/interlac-france.com\/de\/interlac-france-ihr-idealer-partner-fuer-alle-ihre-formgebungsprojekte\/rechtliche-hinweise\/#primaryimage"},"image":{"@id":"https:\/\/interlac-france.com\/de\/interlac-france-ihr-idealer-partner-fuer-alle-ihre-formgebungsprojekte\/rechtliche-hinweise\/#primaryimage"},"thumbnailUrl":"https:\/\/interlac-france.com\/wp-content\/uploads\/2022\/12\/Actu-1.jpg","datePublished":"2022-12-08T14:44:21+00:00","dateModified":"2023-01-27T09:39:16+00:00","description":"Rechtliche Hinweise zur Schaufenster-Website des Labors Interlac France","breadcrumb":{"@id":"https:\/\/interlac-france.com\/de\/interlac-france-ihr-idealer-partner-fuer-alle-ihre-formgebungsprojekte\/rechtliche-hinweise\/#breadcrumb"},"inLanguage":"de-DE","potentialAction":[{"@type":"ReadAction","target":["https:\/\/interlac-france.com\/de\/interlac-france-ihr-idealer-partner-fuer-alle-ihre-formgebungsprojekte\/rechtliche-hinweise\/"]}]},{"@type":"ImageObject","inLanguage":"de-DE","@id":"https:\/\/interlac-france.com\/de\/interlac-france-ihr-idealer-partner-fuer-alle-ihre-formgebungsprojekte\/rechtliche-hinweise\/#primaryimage","url":"https:\/\/interlac-france.com\/wp-content\/uploads\/2022\/12\/Actu-1.jpg","contentUrl":"https:\/\/interlac-france.com\/wp-content\/uploads\/2022\/12\/Actu-1.jpg","width":1920,"height":1920},{"@type":"BreadcrumbList","@id":"https:\/\/interlac-france.com\/de\/interlac-france-ihr-idealer-partner-fuer-alle-ihre-formgebungsprojekte\/rechtliche-hinweise\/#breadcrumb","itemListElement":[{"@type":"ListItem","position":1,"name":"Accueil","item":"https:\/\/interlac-france.com\/de\/"},{"@type":"ListItem","position":2,"name":"Interlac","item":"https:\/\/interlac-france.com\/de\/"},{"@type":"ListItem","position":3,"name":"Rechtliche Hinweise"}]},{"@type":"WebSite","@id":"https:\/\/interlac-france.com\/de\/#website","url":"https:\/\/interlac-france.com\/de\/","name":"Interlac","description":"Votre partenaire id\u00e9al pour tous vos projets de fa\u00e7onnage","publisher":{"@id":"https:\/\/interlac-france.com\/de\/#organization"},"potentialAction":[{"@type":"SearchAction","target":{"@type":"EntryPoint","urlTemplate":"https:\/\/interlac-france.com\/de\/?s={search_term_string}"},"query-input":{"@type":"PropertyValueSpecification","valueRequired":true,"valueName":"search_term_string"}}],"inLanguage":"de-DE"},{"@type":"Organization","@id":"https:\/\/interlac-france.com\/de\/#organization","name":"Interlac France","url":"https:\/\/interlac-france.com\/de\/","logo":{"@type":"ImageObject","inLanguage":"de-DE","@id":"https:\/\/interlac-france.com\/de\/#\/schema\/logo\/image\/","url":"https:\/\/interlac-france.com\/wp-content\/uploads\/2022\/10\/Logo-Interlac-FR-sans-fond.png","contentUrl":"https:\/\/interlac-france.com\/wp-content\/uploads\/2022\/10\/Logo-Interlac-FR-sans-fond.png","width":1920,"height":1920,"caption":"Interlac France"},"image":{"@id":"https:\/\/interlac-france.com\/de\/#\/schema\/logo\/image\/"},"sameAs":["https:\/\/www.facebook.com\/interlac\/","https:\/\/fr.linkedin.com\/company\/interlac-laboratoires"]}]}},"_links":{"self":[{"href":"https:\/\/interlac-france.com\/de\/wp-json\/wp\/v2\/pages\/3514","targetHints":{"allow":["GET"]}}],"collection":[{"href":"https:\/\/interlac-france.com\/de\/wp-json\/wp\/v2\/pages"}],"about":[{"href":"https:\/\/interlac-france.com\/de\/wp-json\/wp\/v2\/types\/page"}],"author":[{"embeddable":true,"href":"https:\/\/interlac-france.com\/de\/wp-json\/wp\/v2\/users\/1"}],"replies":[{"embeddable":true,"href":"https:\/\/interlac-france.com\/de\/wp-json\/wp\/v2\/comments?post=3514"}],"version-history":[{"count":5,"href":"https:\/\/interlac-france.com\/de\/wp-json\/wp\/v2\/pages\/3514\/revisions"}],"predecessor-version":[{"id":3560,"href":"https:\/\/interlac-france.com\/de\/wp-json\/wp\/v2\/pages\/3514\/revisions\/3560"}],"up":[{"embeddable":true,"href":"https:\/\/interlac-france.com\/de\/wp-json\/wp\/v2\/pages\/3331"}],"wp:featuredmedia":[{"embeddable":true,"href":"https:\/\/interlac-france.com\/de\/wp-json\/wp\/v2\/media\/3259"}],"wp:attachment":[{"href":"https:\/\/interlac-france.com\/de\/wp-json\/wp\/v2\/media?parent=3514"}],"curies":[{"name":"wp","href":"https:\/\/api.w.org\/{rel}","templated":true}]}}