{"id":3339,"date":"2022-11-17T09:48:38","date_gmt":"2022-11-17T08:48:38","guid":{"rendered":"https:\/\/interlac-france.com\/interlac-france-ihr-idealer-partner-fuer-alle-ihre-formgebungsprojekte\/unsere-marken\/"},"modified":"2023-01-27T10:41:29","modified_gmt":"2023-01-27T09:41:29","slug":"unsere-marken","status":"publish","type":"page","link":"https:\/\/interlac-france.com\/de\/interlac-france-ihr-idealer-partner-fuer-alle-ihre-formgebungsprojekte\/unsere-marken\/","title":{"rendered":"Unsere Marken"},"content":{"rendered":"\t\t<div data-elementor-type=\"wp-page\" data-elementor-id=\"3339\" class=\"elementor elementor-3339 elementor-1613\" data-elementor-post-type=\"page\">\n\t\t\t\t\t\t<section class=\"elementor-section elementor-top-section elementor-element elementor-element-da82427 elementor-section-full_width elementor-section-height-min-height page_image elementor-section-height-default elementor-section-items-middle\" data-id=\"da82427\" data-element_type=\"section\" data-e-type=\"section\" data-settings=\"{&quot;background_background&quot;:&quot;classic&quot;,&quot;background_motion_fx_motion_fx_scrolling&quot;:&quot;yes&quot;,&quot;background_motion_fx_devices&quot;:[&quot;widescreen&quot;,&quot;desktop&quot;,&quot;laptop&quot;,&quot;tablet&quot;,&quot;mobile&quot;]}\">\n\t\t\t\t\t\t\t<div class=\"elementor-background-overlay\"><\/div>\n\t\t\t\t\t\t\t<div class=\"elementor-container elementor-column-gap-default\">\n\t\t\t\t\t<div class=\"elementor-column elementor-col-100 elementor-top-column elementor-element elementor-element-1192f79\" data-id=\"1192f79\" data-element_type=\"column\" data-e-type=\"column\">\n\t\t\t<div class=\"elementor-widget-wrap elementor-element-populated\">\n\t\t\t\t\t\t\t<\/div>\n\t\t<\/div>\n\t\t\t\t\t<\/div>\n\t\t<\/section>\n\t\t\t\t<section class=\"elementor-section elementor-top-section elementor-element elementor-element-a04364b dome_haut elementor-section-boxed elementor-section-height-default elementor-section-height-default\" data-id=\"a04364b\" data-element_type=\"section\" data-e-type=\"section\">\n\t\t\t\t\t\t<div class=\"elementor-container elementor-column-gap-default\">\n\t\t\t\t\t<div class=\"elementor-column elementor-col-100 elementor-top-column elementor-element elementor-element-e588e51\" data-id=\"e588e51\" data-element_type=\"column\" data-e-type=\"column\">\n\t\t\t<div class=\"elementor-widget-wrap elementor-element-populated\">\n\t\t\t\t\t\t<div class=\"elementor-element elementor-element-bff350c elementor-widget elementor-widget-text-editor\" data-id=\"bff350c\" data-element_type=\"widget\" data-e-type=\"widget\" data-widget_type=\"text-editor.default\">\n\t\t\t\t<div class=\"elementor-widget-container\">\n\t\t\t\t\t\t\t\t\t<p>Interlac ist nicht nur auf Sonnenschutz spezialisiert, sondern besitzt auch eigene Marken: Soleil des \u00eeles, Soleil des cimes, Actiderma und Eutra.<\/p>\n\t\t\t\t\t\t\t\t<\/div>\n\t\t\t\t<\/div>\n\t\t\t\t\t<\/div>\n\t\t<\/div>\n\t\t\t\t\t<\/div>\n\t\t<\/section>\n\t\t\t\t<section class=\"elementor-section elementor-top-section elementor-element elementor-element-745f60a dome_bas elementor-section-boxed elementor-section-height-default elementor-section-height-default\" data-id=\"745f60a\" data-element_type=\"section\" data-e-type=\"section\">\n\t\t\t\t\t\t<div class=\"elementor-container elementor-column-gap-default\">\n\t\t\t\t\t<div class=\"elementor-column elementor-col-100 elementor-top-column elementor-element elementor-element-c8eec20\" data-id=\"c8eec20\" data-element_type=\"column\" data-e-type=\"column\">\n\t\t\t<div class=\"elementor-widget-wrap elementor-element-populated\">\n\t\t\t\t\t\t<section class=\"elementor-section elementor-inner-section elementor-element elementor-element-17865a8 elementor-section-boxed elementor-section-height-default elementor-section-height-default elementor-invisible\" data-id=\"17865a8\" data-element_type=\"section\" data-e-type=\"section\" data-settings=\"{&quot;animation&quot;:&quot;fadeIn&quot;}\">\n\t\t\t\t\t\t<div class=\"elementor-container elementor-column-gap-default\">\n\t\t\t\t\t<div class=\"elementor-column elementor-col-50 elementor-inner-column elementor-element elementor-element-f73ed87\" data-id=\"f73ed87\" data-element_type=\"column\" data-e-type=\"column\">\n\t\t\t<div class=\"elementor-widget-wrap elementor-element-populated\">\n\t\t\t\t\t\t<div class=\"elementor-element elementor-element-bb3cf4b accueil_services elementor-cta--skin-classic elementor-animated-content elementor-widget elementor-widget-call-to-action\" data-id=\"bb3cf4b\" data-element_type=\"widget\" data-e-type=\"widget\" data-widget_type=\"call-to-action.default\">\n\t\t\t\t<div class=\"elementor-widget-container\">\n\t\t\t\t\t\t\t<div class=\"elementor-cta\">\n\t\t\t\t\t<div class=\"elementor-cta__bg-wrapper\">\n\t\t\t\t<div class=\"elementor-cta__bg elementor-bg\" style=\"background-image: url(https:\/\/interlac-france.com\/wp-content\/uploads\/2022\/11\/marques_soleil_des_iles.jpg);\" role=\"img\" aria-label=\"marques_soleil_des_iles\"><\/div>\n\t\t\t\t<div class=\"elementor-cta__bg-overlay\"><\/div>\n\t\t\t<\/div>\n\t\t\t\t\t\t\t<div class=\"elementor-cta__content\">\n\t\t\t\t\n\t\t\t\t\t\t\t\t\t<h3 class=\"elementor-cta__title elementor-cta__content-item elementor-content-item\">\n\t\t\t\t\t\t<span>Soleil des \u00eeles<\/span>\t\t\t\t\t<\/h3>\n\t\t\t\t\n\t\t\t\t\t\t\t\t\t<div class=\"elementor-cta__description elementor-cta__content-item elementor-content-item\">\n\t\t\t\t\t\t<p>Sonnenschutzmarke, die der Br\u00e4unung und dem Schutz gewidmet ist<\/p>\n\t\t\t\t\t<\/div>\n\t\t\t\t\n\t\t\t\t\t\t\t\t\t<div class=\"elementor-cta__button-wrapper elementor-cta__content-item elementor-content-item \">\n\t\t\t\t\t<a class=\"elementor-cta__button elementor-button elementor-size-\" href=\"https:\/\/interlac-france.com\/de\/interlac-france-ihr-idealer-partner-fuer-alle-ihre-formgebungsprojekte\/unsere-marken\/soleil-des-iles\/\">\n\t\t\t\t\t\t    \t\t\t\t\t<\/a>\n\t\t\t\t\t<\/div>\n\t\t\t\t\t\t\t<\/div>\n\t\t\t\t\t\t<\/div>\n\t\t\t\t\t\t<\/div>\n\t\t\t\t<\/div>\n\t\t\t\t\t<\/div>\n\t\t<\/div>\n\t\t\t\t<div class=\"elementor-column elementor-col-50 elementor-inner-column elementor-element elementor-element-d8ec652\" data-id=\"d8ec652\" data-element_type=\"column\" data-e-type=\"column\">\n\t\t\t<div class=\"elementor-widget-wrap elementor-element-populated\">\n\t\t\t\t\t\t<div class=\"elementor-element elementor-element-f06d952 accueil_services elementor-cta--skin-classic elementor-animated-content elementor-widget elementor-widget-call-to-action\" data-id=\"f06d952\" data-element_type=\"widget\" data-e-type=\"widget\" data-widget_type=\"call-to-action.default\">\n\t\t\t\t<div class=\"elementor-widget-container\">\n\t\t\t\t\t\t\t<div class=\"elementor-cta\">\n\t\t\t\t\t<div class=\"elementor-cta__bg-wrapper\">\n\t\t\t\t<div class=\"elementor-cta__bg elementor-bg\" style=\"background-image: url(https:\/\/interlac-france.com\/wp-content\/uploads\/2022\/11\/marques_soleil_des_cimes.jpg);\" role=\"img\" aria-label=\"marques_soleil_des_cimes\"><\/div>\n\t\t\t\t<div class=\"elementor-cta__bg-overlay\"><\/div>\n\t\t\t<\/div>\n\t\t\t\t\t\t\t<div class=\"elementor-cta__content\">\n\t\t\t\t\n\t\t\t\t\t\t\t\t\t<h3 class=\"elementor-cta__title elementor-cta__content-item elementor-content-item\">\n\t\t\t\t\t\t<span>Soleil des Cimes<\/span>\t\t\t\t\t<\/h3>\n\t\t\t\t\n\t\t\t\t\t\t\t\t\t<div class=\"elementor-cta__description elementor-cta__content-item elementor-content-item\">\n\t\t\t\t\t\t<p>Marke f\u00fcr Sonnenschutz in den Bergen<\/p>\n\t\t\t\t\t<\/div>\n\t\t\t\t\n\t\t\t\t\t\t\t\t\t<div class=\"elementor-cta__button-wrapper elementor-cta__content-item elementor-content-item \">\n\t\t\t\t\t<a class=\"elementor-cta__button elementor-button elementor-size-\" href=\"https:\/\/interlac-france.com\/de\/interlac-france-ihr-idealer-partner-fuer-alle-ihre-formgebungsprojekte\/unsere-marken\/soleil-des-cimes\/\">\n\t\t\t\t\t\t    \t\t\t\t\t<\/a>\n\t\t\t\t\t<\/div>\n\t\t\t\t\t\t\t<\/div>\n\t\t\t\t\t\t<\/div>\n\t\t\t\t\t\t<\/div>\n\t\t\t\t<\/div>\n\t\t\t\t\t<\/div>\n\t\t<\/div>\n\t\t\t\t\t<\/div>\n\t\t<\/section>\n\t\t\t\t<section class=\"elementor-section elementor-inner-section elementor-element elementor-element-b425bd4 elementor-section-boxed elementor-section-height-default elementor-section-height-default elementor-invisible\" data-id=\"b425bd4\" data-element_type=\"section\" data-e-type=\"section\" data-settings=\"{&quot;animation&quot;:&quot;fadeIn&quot;}\">\n\t\t\t\t\t\t<div class=\"elementor-container elementor-column-gap-default\">\n\t\t\t\t\t<div class=\"elementor-column elementor-col-50 elementor-inner-column elementor-element elementor-element-3a92038\" data-id=\"3a92038\" data-element_type=\"column\" data-e-type=\"column\">\n\t\t\t<div class=\"elementor-widget-wrap elementor-element-populated\">\n\t\t\t\t\t\t<div class=\"elementor-element elementor-element-c06d1e9 accueil_services elementor-cta--skin-classic elementor-animated-content elementor-widget elementor-widget-call-to-action\" data-id=\"c06d1e9\" data-element_type=\"widget\" data-e-type=\"widget\" data-widget_type=\"call-to-action.default\">\n\t\t\t\t<div class=\"elementor-widget-container\">\n\t\t\t\t\t\t\t<div class=\"elementor-cta\">\n\t\t\t\t\t<div class=\"elementor-cta__bg-wrapper\">\n\t\t\t\t<div class=\"elementor-cta__bg elementor-bg\" style=\"background-image: url(https:\/\/interlac-france.com\/wp-content\/uploads\/2022\/11\/marques_actiderma.jpg);\" role=\"img\" aria-label=\"marques_actiderma\"><\/div>\n\t\t\t\t<div class=\"elementor-cta__bg-overlay\"><\/div>\n\t\t\t<\/div>\n\t\t\t\t\t\t\t<div class=\"elementor-cta__content\">\n\t\t\t\t\n\t\t\t\t\t\t\t\t\t<h3 class=\"elementor-cta__title elementor-cta__content-item elementor-content-item\">\n\t\t\t\t\t\t<span>Actiderma<\/span>\t\t\t\t\t<\/h3>\n\t\t\t\t\n\t\t\t\t\t\t\t\t\t<div class=\"elementor-cta__description elementor-cta__content-item elementor-content-item\">\n\t\t\t\t\t\t<p>Pflegemarke f\u00fcr empfindliche Haut<\/p>\n\t\t\t\t\t<\/div>\n\t\t\t\t\n\t\t\t\t\t\t\t\t\t<div class=\"elementor-cta__button-wrapper elementor-cta__content-item elementor-content-item \">\n\t\t\t\t\t<a class=\"elementor-cta__button elementor-button elementor-size-\" href=\"https:\/\/interlac-france.com\/de\/interlac-france-ihr-idealer-partner-fuer-alle-ihre-formgebungsprojekte\/unsere-marken\/actiderma\/\">\n\t\t\t\t\t\t    \t\t\t\t\t<\/a>\n\t\t\t\t\t<\/div>\n\t\t\t\t\t\t\t<\/div>\n\t\t\t\t\t\t<\/div>\n\t\t\t\t\t\t<\/div>\n\t\t\t\t<\/div>\n\t\t\t\t\t<\/div>\n\t\t<\/div>\n\t\t\t\t<div class=\"elementor-column elementor-col-50 elementor-inner-column elementor-element elementor-element-7ce4050\" data-id=\"7ce4050\" data-element_type=\"column\" data-e-type=\"column\">\n\t\t\t<div class=\"elementor-widget-wrap elementor-element-populated\">\n\t\t\t\t\t\t<div class=\"elementor-element elementor-element-650375b accueil_services elementor-cta--skin-classic elementor-animated-content elementor-widget elementor-widget-call-to-action\" data-id=\"650375b\" data-element_type=\"widget\" data-e-type=\"widget\" data-widget_type=\"call-to-action.default\">\n\t\t\t\t<div class=\"elementor-widget-container\">\n\t\t\t\t\t\t\t<div class=\"elementor-cta\">\n\t\t\t\t\t<div class=\"elementor-cta__bg-wrapper\">\n\t\t\t\t<div class=\"elementor-cta__bg elementor-bg\" style=\"background-image: url(https:\/\/interlac-france.com\/wp-content\/uploads\/2022\/11\/marques_eutra.jpg);\" role=\"img\" aria-label=\"marques_eutra\"><\/div>\n\t\t\t\t<div class=\"elementor-cta__bg-overlay\"><\/div>\n\t\t\t<\/div>\n\t\t\t\t\t\t\t<div class=\"elementor-cta__content\">\n\t\t\t\t\n\t\t\t\t\t\t\t\t\t<h3 class=\"elementor-cta__title elementor-cta__content-item elementor-content-item\">\n\t\t\t\t\t\t<span>Eutra<\/span>\t\t\t\t\t<\/h3>\n\t\t\t\t\n\t\t\t\t\t\t\t\t\t<div class=\"elementor-cta__description elementor-cta__content-item elementor-content-item\">\n\t\t\t\t\t\t<p>Melkfettmarke<\/p>\n\t\t\t\t\t<\/div>\n\t\t\t\t\n\t\t\t\t\t\t\t\t\t<div class=\"elementor-cta__button-wrapper elementor-cta__content-item elementor-content-item \">\n\t\t\t\t\t<a class=\"elementor-cta__button elementor-button elementor-size-\" href=\"https:\/\/interlac-france.com\/de\/interlac-france-ihr-idealer-partner-fuer-alle-ihre-formgebungsprojekte\/unsere-marken\/eutra\/\">\n\t\t\t\t\t\t    \t\t\t\t\t<\/a>\n\t\t\t\t\t<\/div>\n\t\t\t\t\t\t\t<\/div>\n\t\t\t\t\t\t<\/div>\n\t\t\t\t\t\t<\/div>\n\t\t\t\t<\/div>\n\t\t\t\t\t<\/div>\n\t\t<\/div>\n\t\t\t\t\t<\/div>\n\t\t<\/section>\n\t\t\t\t\t<\/div>\n\t\t<\/div>\n\t\t\t\t\t<\/div>\n\t\t<\/section>\n\t\t\t\t<\/div>\n\t\t","protected":false},"excerpt":{"rendered":"<p>Interlac ist nicht nur auf Sonnenschutz spezialisiert, sondern besitzt auch eigene Marken: Soleil des \u00eeles, Soleil des cimes, Actiderma und Eutra. Soleil des \u00eeles Sonnenschutzmarke, die der Br\u00e4unung und dem Schutz gewidmet ist Soleil des Cimes Marke f\u00fcr Sonnenschutz in den Bergen Actiderma Pflegemarke f\u00fcr empfindliche Haut Eutra Melkfettmarke<\/p>\n","protected":false},"author":1,"featured_media":4316,"parent":3331,"menu_order":0,"comment_status":"closed","ping_status":"closed","template":"elementor_header_footer","meta":{"footnotes":""},"class_list":["post-3339","page","type-page","status-publish","has-post-thumbnail","hentry"],"yoast_head":"<!-- This site is optimized with the Yoast SEO plugin v27.3 - https:\/\/yoast.com\/product\/yoast-seo-wordpress\/ -->\n<title>Interlac France besitzt 4 Marken f\u00fcr Kosmetika und andere Produkte<\/title>\n<meta name=\"description\" content=\"Interlac ist nicht nur auf Sonnenschutz spezialisiert, sondern besitzt auch eigene Marken: Soleil des \u00eeles, Soleil des cimes, Actiderma und Eutra.\" \/>\n<meta name=\"robots\" content=\"index, follow, max-snippet:-1, max-image-preview:large, max-video-preview:-1\" \/>\n<link rel=\"canonical\" href=\"https:\/\/interlac-france.com\/de\/interlac-france-ihr-idealer-partner-fuer-alle-ihre-formgebungsprojekte\/unsere-marken\/\" \/>\n<meta property=\"og:locale\" content=\"de_DE\" \/>\n<meta property=\"og:type\" content=\"article\" \/>\n<meta property=\"og:title\" content=\"Interlac France besitzt 4 Marken f\u00fcr Kosmetika und andere Produkte\" \/>\n<meta property=\"og:description\" content=\"Interlac ist nicht nur auf Sonnenschutz spezialisiert, sondern besitzt auch eigene Marken: Soleil des \u00eeles, Soleil des cimes, Actiderma und Eutra.\" \/>\n<meta property=\"og:url\" content=\"https:\/\/interlac-france.com\/de\/interlac-france-ihr-idealer-partner-fuer-alle-ihre-formgebungsprojekte\/unsere-marken\/\" \/>\n<meta property=\"og:site_name\" content=\"Interlac\" \/>\n<meta property=\"article:publisher\" content=\"https:\/\/www.facebook.com\/interlac\/\" \/>\n<meta property=\"article:modified_time\" content=\"2023-01-27T09:41:29+00:00\" \/>\n<meta property=\"og:image\" content=\"https:\/\/interlac-france.com\/wp-content\/uploads\/2022\/12\/marques_mob-300x270.jpg\" \/>\n<meta name=\"twitter:card\" content=\"summary_large_image\" \/>\n<meta name=\"twitter:title\" content=\"Interlac France besitzt 4 Marken f\u00fcr Kosmetika und andere Produkte\" \/>\n<meta name=\"twitter:description\" content=\"Interlac ist nicht nur auf Sonnenschutz spezialisiert, sondern besitzt auch eigene Marken: Soleil des \u00eeles, Soleil des cimes, Actiderma und Eutra.\" \/>\n<meta name=\"twitter:image\" content=\"https:\/\/interlac-france.com\/wp-content\/uploads\/2022\/12\/marques_mob.jpg\" \/>\n<script type=\"application\/ld+json\" class=\"yoast-schema-graph\">{\"@context\":\"https:\\\/\\\/schema.org\",\"@graph\":[{\"@type\":\"WebPage\",\"@id\":\"https:\\\/\\\/interlac-france.com\\\/de\\\/interlac-france-ihr-idealer-partner-fuer-alle-ihre-formgebungsprojekte\\\/unsere-marken\\\/\",\"url\":\"https:\\\/\\\/interlac-france.com\\\/de\\\/interlac-france-ihr-idealer-partner-fuer-alle-ihre-formgebungsprojekte\\\/unsere-marken\\\/\",\"name\":\"Interlac France besitzt 4 Marken f\u00fcr Kosmetika und andere Produkte\",\"isPartOf\":{\"@id\":\"https:\\\/\\\/interlac-france.com\\\/de\\\/#website\"},\"primaryImageOfPage\":{\"@id\":\"https:\\\/\\\/interlac-france.com\\\/de\\\/interlac-france-ihr-idealer-partner-fuer-alle-ihre-formgebungsprojekte\\\/unsere-marken\\\/#primaryimage\"},\"image\":{\"@id\":\"https:\\\/\\\/interlac-france.com\\\/de\\\/interlac-france-ihr-idealer-partner-fuer-alle-ihre-formgebungsprojekte\\\/unsere-marken\\\/#primaryimage\"},\"thumbnailUrl\":\"https:\\\/\\\/interlac-france.com\\\/wp-content\\\/uploads\\\/2023\\\/04\\\/Dimensions-1920360-Video2.png\",\"datePublished\":\"2022-11-17T08:48:38+00:00\",\"dateModified\":\"2023-01-27T09:41:29+00:00\",\"description\":\"Interlac ist nicht nur auf Sonnenschutz spezialisiert, sondern besitzt auch eigene Marken: Soleil des \u00eeles, Soleil des cimes, Actiderma und Eutra.\",\"breadcrumb\":{\"@id\":\"https:\\\/\\\/interlac-france.com\\\/de\\\/interlac-france-ihr-idealer-partner-fuer-alle-ihre-formgebungsprojekte\\\/unsere-marken\\\/#breadcrumb\"},\"inLanguage\":\"de-DE\",\"potentialAction\":[{\"@type\":\"ReadAction\",\"target\":[\"https:\\\/\\\/interlac-france.com\\\/de\\\/interlac-france-ihr-idealer-partner-fuer-alle-ihre-formgebungsprojekte\\\/unsere-marken\\\/\"]}]},{\"@type\":\"ImageObject\",\"inLanguage\":\"de-DE\",\"@id\":\"https:\\\/\\\/interlac-france.com\\\/de\\\/interlac-france-ihr-idealer-partner-fuer-alle-ihre-formgebungsprojekte\\\/unsere-marken\\\/#primaryimage\",\"url\":\"https:\\\/\\\/interlac-france.com\\\/wp-content\\\/uploads\\\/2023\\\/04\\\/Dimensions-1920360-Video2.png\",\"contentUrl\":\"https:\\\/\\\/interlac-france.com\\\/wp-content\\\/uploads\\\/2023\\\/04\\\/Dimensions-1920360-Video2.png\",\"width\":1920,\"height\":360},{\"@type\":\"BreadcrumbList\",\"@id\":\"https:\\\/\\\/interlac-france.com\\\/de\\\/interlac-france-ihr-idealer-partner-fuer-alle-ihre-formgebungsprojekte\\\/unsere-marken\\\/#breadcrumb\",\"itemListElement\":[{\"@type\":\"ListItem\",\"position\":1,\"name\":\"Accueil\",\"item\":\"https:\\\/\\\/interlac-france.com\\\/de\\\/\"},{\"@type\":\"ListItem\",\"position\":2,\"name\":\"Interlac\",\"item\":\"https:\\\/\\\/interlac-france.com\\\/de\\\/\"},{\"@type\":\"ListItem\",\"position\":3,\"name\":\"Unsere Marken\"}]},{\"@type\":\"WebSite\",\"@id\":\"https:\\\/\\\/interlac-france.com\\\/de\\\/#website\",\"url\":\"https:\\\/\\\/interlac-france.com\\\/de\\\/\",\"name\":\"Interlac\",\"description\":\"Votre partenaire id\u00e9al pour tous vos projets de fa\u00e7onnage\",\"publisher\":{\"@id\":\"https:\\\/\\\/interlac-france.com\\\/de\\\/#organization\"},\"potentialAction\":[{\"@type\":\"SearchAction\",\"target\":{\"@type\":\"EntryPoint\",\"urlTemplate\":\"https:\\\/\\\/interlac-france.com\\\/de\\\/?s={search_term_string}\"},\"query-input\":{\"@type\":\"PropertyValueSpecification\",\"valueRequired\":true,\"valueName\":\"search_term_string\"}}],\"inLanguage\":\"de-DE\"},{\"@type\":\"Organization\",\"@id\":\"https:\\\/\\\/interlac-france.com\\\/de\\\/#organization\",\"name\":\"Interlac France\",\"url\":\"https:\\\/\\\/interlac-france.com\\\/de\\\/\",\"logo\":{\"@type\":\"ImageObject\",\"inLanguage\":\"de-DE\",\"@id\":\"https:\\\/\\\/interlac-france.com\\\/de\\\/#\\\/schema\\\/logo\\\/image\\\/\",\"url\":\"https:\\\/\\\/interlac-france.com\\\/wp-content\\\/uploads\\\/2022\\\/10\\\/Logo-Interlac-FR-sans-fond.png\",\"contentUrl\":\"https:\\\/\\\/interlac-france.com\\\/wp-content\\\/uploads\\\/2022\\\/10\\\/Logo-Interlac-FR-sans-fond.png\",\"width\":1920,\"height\":1920,\"caption\":\"Interlac France\"},\"image\":{\"@id\":\"https:\\\/\\\/interlac-france.com\\\/de\\\/#\\\/schema\\\/logo\\\/image\\\/\"},\"sameAs\":[\"https:\\\/\\\/www.facebook.com\\\/interlac\\\/\",\"https:\\\/\\\/fr.linkedin.com\\\/company\\\/interlac-laboratoires\"]}]}<\/script>\n<!-- \/ Yoast SEO plugin. -->","yoast_head_json":{"title":"Interlac France besitzt 4 Marken f\u00fcr Kosmetika und andere Produkte","description":"Interlac ist nicht nur auf Sonnenschutz spezialisiert, sondern besitzt auch eigene Marken: Soleil des \u00eeles, Soleil des cimes, Actiderma und Eutra.","robots":{"index":"index","follow":"follow","max-snippet":"max-snippet:-1","max-image-preview":"max-image-preview:large","max-video-preview":"max-video-preview:-1"},"canonical":"https:\/\/interlac-france.com\/de\/interlac-france-ihr-idealer-partner-fuer-alle-ihre-formgebungsprojekte\/unsere-marken\/","og_locale":"de_DE","og_type":"article","og_title":"Interlac France besitzt 4 Marken f\u00fcr Kosmetika und andere Produkte","og_description":"Interlac ist nicht nur auf Sonnenschutz spezialisiert, sondern besitzt auch eigene Marken: Soleil des \u00eeles, Soleil des cimes, Actiderma und Eutra.","og_url":"https:\/\/interlac-france.com\/de\/interlac-france-ihr-idealer-partner-fuer-alle-ihre-formgebungsprojekte\/unsere-marken\/","og_site_name":"Interlac","article_publisher":"https:\/\/www.facebook.com\/interlac\/","article_modified_time":"2023-01-27T09:41:29+00:00","og_image":[{"url":"https:\/\/interlac-france.com\/wp-content\/uploads\/2022\/12\/marques_mob-300x270.jpg","type":"","width":"","height":""}],"twitter_card":"summary_large_image","twitter_title":"Interlac France besitzt 4 Marken f\u00fcr Kosmetika und andere Produkte","twitter_description":"Interlac ist nicht nur auf Sonnenschutz spezialisiert, sondern besitzt auch eigene Marken: Soleil des \u00eeles, Soleil des cimes, Actiderma und Eutra.","twitter_image":"https:\/\/interlac-france.com\/wp-content\/uploads\/2022\/12\/marques_mob.jpg","schema":{"@context":"https:\/\/schema.org","@graph":[{"@type":"WebPage","@id":"https:\/\/interlac-france.com\/de\/interlac-france-ihr-idealer-partner-fuer-alle-ihre-formgebungsprojekte\/unsere-marken\/","url":"https:\/\/interlac-france.com\/de\/interlac-france-ihr-idealer-partner-fuer-alle-ihre-formgebungsprojekte\/unsere-marken\/","name":"Interlac France besitzt 4 Marken f\u00fcr Kosmetika und andere Produkte","isPartOf":{"@id":"https:\/\/interlac-france.com\/de\/#website"},"primaryImageOfPage":{"@id":"https:\/\/interlac-france.com\/de\/interlac-france-ihr-idealer-partner-fuer-alle-ihre-formgebungsprojekte\/unsere-marken\/#primaryimage"},"image":{"@id":"https:\/\/interlac-france.com\/de\/interlac-france-ihr-idealer-partner-fuer-alle-ihre-formgebungsprojekte\/unsere-marken\/#primaryimage"},"thumbnailUrl":"https:\/\/interlac-france.com\/wp-content\/uploads\/2023\/04\/Dimensions-1920360-Video2.png","datePublished":"2022-11-17T08:48:38+00:00","dateModified":"2023-01-27T09:41:29+00:00","description":"Interlac ist nicht nur auf Sonnenschutz spezialisiert, sondern besitzt auch eigene Marken: Soleil des \u00eeles, Soleil des cimes, Actiderma und Eutra.","breadcrumb":{"@id":"https:\/\/interlac-france.com\/de\/interlac-france-ihr-idealer-partner-fuer-alle-ihre-formgebungsprojekte\/unsere-marken\/#breadcrumb"},"inLanguage":"de-DE","potentialAction":[{"@type":"ReadAction","target":["https:\/\/interlac-france.com\/de\/interlac-france-ihr-idealer-partner-fuer-alle-ihre-formgebungsprojekte\/unsere-marken\/"]}]},{"@type":"ImageObject","inLanguage":"de-DE","@id":"https:\/\/interlac-france.com\/de\/interlac-france-ihr-idealer-partner-fuer-alle-ihre-formgebungsprojekte\/unsere-marken\/#primaryimage","url":"https:\/\/interlac-france.com\/wp-content\/uploads\/2023\/04\/Dimensions-1920360-Video2.png","contentUrl":"https:\/\/interlac-france.com\/wp-content\/uploads\/2023\/04\/Dimensions-1920360-Video2.png","width":1920,"height":360},{"@type":"BreadcrumbList","@id":"https:\/\/interlac-france.com\/de\/interlac-france-ihr-idealer-partner-fuer-alle-ihre-formgebungsprojekte\/unsere-marken\/#breadcrumb","itemListElement":[{"@type":"ListItem","position":1,"name":"Accueil","item":"https:\/\/interlac-france.com\/de\/"},{"@type":"ListItem","position":2,"name":"Interlac","item":"https:\/\/interlac-france.com\/de\/"},{"@type":"ListItem","position":3,"name":"Unsere Marken"}]},{"@type":"WebSite","@id":"https:\/\/interlac-france.com\/de\/#website","url":"https:\/\/interlac-france.com\/de\/","name":"Interlac","description":"Votre partenaire id\u00e9al pour tous vos projets de fa\u00e7onnage","publisher":{"@id":"https:\/\/interlac-france.com\/de\/#organization"},"potentialAction":[{"@type":"SearchAction","target":{"@type":"EntryPoint","urlTemplate":"https:\/\/interlac-france.com\/de\/?s={search_term_string}"},"query-input":{"@type":"PropertyValueSpecification","valueRequired":true,"valueName":"search_term_string"}}],"inLanguage":"de-DE"},{"@type":"Organization","@id":"https:\/\/interlac-france.com\/de\/#organization","name":"Interlac France","url":"https:\/\/interlac-france.com\/de\/","logo":{"@type":"ImageObject","inLanguage":"de-DE","@id":"https:\/\/interlac-france.com\/de\/#\/schema\/logo\/image\/","url":"https:\/\/interlac-france.com\/wp-content\/uploads\/2022\/10\/Logo-Interlac-FR-sans-fond.png","contentUrl":"https:\/\/interlac-france.com\/wp-content\/uploads\/2022\/10\/Logo-Interlac-FR-sans-fond.png","width":1920,"height":1920,"caption":"Interlac France"},"image":{"@id":"https:\/\/interlac-france.com\/de\/#\/schema\/logo\/image\/"},"sameAs":["https:\/\/www.facebook.com\/interlac\/","https:\/\/fr.linkedin.com\/company\/interlac-laboratoires"]}]}},"_links":{"self":[{"href":"https:\/\/interlac-france.com\/de\/wp-json\/wp\/v2\/pages\/3339","targetHints":{"allow":["GET"]}}],"collection":[{"href":"https:\/\/interlac-france.com\/de\/wp-json\/wp\/v2\/pages"}],"about":[{"href":"https:\/\/interlac-france.com\/de\/wp-json\/wp\/v2\/types\/page"}],"author":[{"embeddable":true,"href":"https:\/\/interlac-france.com\/de\/wp-json\/wp\/v2\/users\/1"}],"replies":[{"embeddable":true,"href":"https:\/\/interlac-france.com\/de\/wp-json\/wp\/v2\/comments?post=3339"}],"version-history":[{"count":5,"href":"https:\/\/interlac-france.com\/de\/wp-json\/wp\/v2\/pages\/3339\/revisions"}],"predecessor-version":[{"id":3564,"href":"https:\/\/interlac-france.com\/de\/wp-json\/wp\/v2\/pages\/3339\/revisions\/3564"}],"up":[{"embeddable":true,"href":"https:\/\/interlac-france.com\/de\/wp-json\/wp\/v2\/pages\/3331"}],"wp:featuredmedia":[{"embeddable":true,"href":"https:\/\/interlac-france.com\/de\/wp-json\/wp\/v2\/media\/4316"}],"wp:attachment":[{"href":"https:\/\/interlac-france.com\/de\/wp-json\/wp\/v2\/media?parent=3339"}],"curies":[{"name":"wp","href":"https:\/\/api.w.org\/{rel}","templated":true}]}}